{"id":5,"date":"2024-05-06T23:17:34","date_gmt":"2024-05-06T21:17:34","guid":{"rendered":"https:\/\/chartedruides.eu\/?page_id=5"},"modified":"2025-08-19T17:44:54","modified_gmt":"2025-08-19T15:44:54","slug":"charte-des-druides","status":"publish","type":"page","link":"https:\/\/chartedruides.eu\/","title":{"rendered":"Accueil"},"content":{"rendered":"\n<p><strong>LA CHARTE DES DRUIDES 2025: <\/strong><\/p>\n\n\n\n<p><strong>AMENDEMENT ADOPT\u00c9 \u00c0 L\u2019UNANIMIT\u00c9 PAR SES SIGNATAIRES, LE 16 ao\u00fbt 2025 \u00c0 TREHORENTEU<\/strong><\/p>\n\n\n\n<div data-wp-interactive=\"core\/file\" class=\"wp-block-file\"><object data-wp-bind--hidden=\"!state.hasPdfPreview\" hidden class=\"wp-block-file__embed\" data=\"https:\/\/chartedruides.eu\/wp-content\/uploads\/2025\/08\/Charte-Ethique-2025-1.pdf\" type=\"application\/pdf\" style=\"width:100%;height:600px\" aria-label=\"Contenu embarqu\u00e9 Charte Ethique 2025.\"><\/object><a id=\"wp-block-file--media-774a100b-2237-42a1-aaa9-22311bf15bc9\" href=\"https:\/\/chartedruides.eu\/wp-content\/uploads\/2025\/08\/Charte-Ethique-2025-1.pdf\">Charte Ethique 2025<\/a><a href=\"https:\/\/chartedruides.eu\/wp-content\/uploads\/2025\/08\/Charte-Ethique-2025-1.pdf\" class=\"wp-block-file__button wp-element-button\" download aria-describedby=\"wp-block-file--media-774a100b-2237-42a1-aaa9-22311bf15bc9\">T\u00e9l\u00e9charger<\/a><\/div>\n\n\n\n<p class=\"has-medium-font-size\"><strong>2024 : une nouvelle charte \u00e9thique druidique \u00e0 destination du grand public<\/strong><\/p>\n\n\n\n<div data-wp-interactive=\"core\/file\" class=\"wp-block-file\"><object data-wp-bind--hidden=\"!state.hasPdfPreview\" hidden class=\"wp-block-file__embed\" data=\"https:\/\/chartedruides.eu\/wp-content\/uploads\/2025\/08\/Charte-Ethique-2024-1.pdf\" type=\"application\/pdf\" style=\"width:100%;height:600px\" aria-label=\"Contenu embarqu\u00e9 Charte Ethique 2024.\"><\/object><a id=\"wp-block-file--media-73a2b470-fcd8-4564-906b-6b1cebfbb79c\" href=\"https:\/\/chartedruides.eu\/wp-content\/uploads\/2025\/08\/Charte-Ethique-2024-1.pdf\">Charte Ethique 2024<\/a><a href=\"https:\/\/chartedruides.eu\/wp-content\/uploads\/2025\/08\/Charte-Ethique-2024-1.pdf\" class=\"wp-block-file__button wp-element-button\" download aria-describedby=\"wp-block-file--media-73a2b470-fcd8-4564-906b-6b1cebfbb79c\">T\u00e9l\u00e9charger<\/a><\/div>\n\n\n\n<p class=\"has-medium-font-size\">Suite aux \u00ab Assises de la Druidit\u00e9 \u00bb de 2023, plusieurs membres de la communaut\u00e9 druidique ont d\u00e9cid\u00e9 de se r\u00e9unir pour \u00e9changer sur certaines d\u00e9rives d\u00e9voyant le Druidisme et g\u00e9n\u00e9rant des confusions aupr\u00e8s des personnes int\u00e9ress\u00e9es par notre Tradition. C\u2019est ainsi qu\u2019est n\u00e9 le projet de la charte \u00e9thique. <\/p>\n\n\n\n<p class=\"has-medium-font-size\">Il ne s\u2019agit pas de remplacer ou de d\u00e9noncer la charte de 2012 qui est le fruit d\u2019un travail intergroupe druidique et que nous respectons. Mais face \u00e0 l\u2019\u00e9bullition actuelle tant dans le monde du d\u00e9veloppement personnel que dans celui de la spiritualit\u00e9, il nous est apparu n\u00e9cessaire, en qualit\u00e9 de groupes druidiques, de nous exprimer et de clarifier certains points. <\/p>\n\n\n\n<p class=\"has-medium-font-size\">Cette nouvelle charte a donc pour objet d\u2019expliquer au grand public, mais aussi &nbsp;de partager avec ceux qui se revendiquent de la religion des Celtes&nbsp;:<\/p>\n\n\n\n<p class=\"has-medium-font-size\">&#8211; ce qu\u2019est le Druidisme, ses fondements,<\/p>\n\n\n\n<p class=\"has-medium-font-size\">&#8211; ce qu\u2019est un Druide,<\/p>\n\n\n\n<p class=\"has-medium-font-size\">&#8211; ce qu\u2019un Druide n\u2019est pas<\/p>\n\n\n\n<p class=\"has-medium-font-size\">&#8211; ce que peut \u00eatre la place du Druidisme dans nos soci\u00e9t\u00e9s modernes.<\/p>\n\n\n\n<p class=\"has-medium-font-size\">Il s\u2019agit \u00e9galement de fournir au grand public des \u00e9l\u00e9ments pour ne pas \u00eatre tromp\u00e9 ou manipul\u00e9 dans le cadre de sa recherche.<\/p>\n\n\n\n<p class=\"has-medium-font-size\">En mati\u00e8re de spiritualit\u00e9, plusieurs voies existent mais chaque chemin a sa propre identit\u00e9, sa propre essence. Le m\u00e9lange des genres ne peut que g\u00e9n\u00e9rer confusion et d\u00e9connexion. Plusieurs groupes druidiques se sont donc r\u00e9unis pour \u00e9laborer cette charte \u00e9thique. <\/p>\n\n\n\n<p class=\"has-medium-font-size\">Pour ce faire, il est essentiel de travailler dans un esprit de respect mutuel, d\u2019\u00e9coute et de confiance. Il est important \u00e9galement de savoir d\u00e9passer ses diff\u00e9rences et ses diff\u00e9rends pour \u0153uvrer ensemble pour le druidisme. C\u2019est notre volont\u00e9 \u00e0 tous. <\/p>\n\n\n\n<p class=\"has-medium-font-size\">Soyez assur\u00e9s que nous sommes plus que jamais motiv\u00e9s pour assumer cette mission et sommes heureux de voir bient\u00f4t notre groupe s\u2019\u00e9largir \u00e0 de nouveaux participants venant apporter leur part \u00e0 ce travail passionnant et \u00f4 combien n\u00e9cessaire&nbsp;!<\/p>\n\n\n\n<p class=\"has-medium-font-size\">Il va sans dire que les conditions de travail de cette charte 2024 sont rigoureuses. Tout Druide l\u00e9gitime est invit\u00e9 \u00e0 y participer et \u00e0 signer cette charte \u00e9thique, s\u2019il y adh\u00e8re.<\/p>\n\n\n\n<p class=\"has-medium-font-size\"><strong><a href=\"https:\/\/chartedruides.eu\/index.php\/le-conseil\/\" title=\"Le conseil\">Le Conseil de r\u00e9daction de la charte \u00e9thique<\/a><\/strong><\/p>\n","protected":false},"excerpt":{"rendered":"<p>LA CHARTE DES DRUIDES 2025: AMENDEMENT ADOPT\u00c9 \u00c0 L\u2019UNANIMIT\u00c9 PAR SES SIGNATAIRES, LE 16 ao\u00fbt 2025 \u00c0 TREHORENTEU 2024 : une nouvelle charte \u00e9thique druidique \u00e0 destination du grand public Suite aux \u00ab Assises de la Druidit\u00e9 \u00bb de 2023, plusieurs membres de la communaut\u00e9 druidique ont d\u00e9cid\u00e9 de se r\u00e9unir pour \u00e9changer sur certaines [&hellip;]<\/p>\n","protected":false},"author":1,"featured_media":0,"parent":0,"menu_order":0,"comment_status":"closed","ping_status":"closed","template":"","meta":{"om_disable_all_campaigns":false,"_monsterinsights_skip_tracking":false,"_monsterinsights_sitenote_active":false,"_monsterinsights_sitenote_note":"","_monsterinsights_sitenote_category":0,"footnotes":""},"class_list":["post-5","page","type-page","status-publish","czr-hentry"],"aioseo_notices":[],"_links":{"self":[{"href":"https:\/\/chartedruides.eu\/index.php\/wp-json\/wp\/v2\/pages\/5","targetHints":{"allow":["GET"]}}],"collection":[{"href":"https:\/\/chartedruides.eu\/index.php\/wp-json\/wp\/v2\/pages"}],"about":[{"href":"https:\/\/chartedruides.eu\/index.php\/wp-json\/wp\/v2\/types\/page"}],"author":[{"embeddable":true,"href":"https:\/\/chartedruides.eu\/index.php\/wp-json\/wp\/v2\/users\/1"}],"replies":[{"embeddable":true,"href":"https:\/\/chartedruides.eu\/index.php\/wp-json\/wp\/v2\/comments?post=5"}],"version-history":[{"count":14,"href":"https:\/\/chartedruides.eu\/index.php\/wp-json\/wp\/v2\/pages\/5\/revisions"}],"predecessor-version":[{"id":187,"href":"https:\/\/chartedruides.eu\/index.php\/wp-json\/wp\/v2\/pages\/5\/revisions\/187"}],"wp:attachment":[{"href":"https:\/\/chartedruides.eu\/index.php\/wp-json\/wp\/v2\/media?parent=5"}],"curies":[{"name":"wp","href":"https:\/\/api.w.org\/{rel}","templated":true}]}}