{"id":30,"date":"2024-05-07T09:22:58","date_gmt":"2024-05-07T07:22:58","guid":{"rendered":"https:\/\/chartedruides.eu\/?page_id=30"},"modified":"2024-12-12T18:15:47","modified_gmt":"2024-12-12T17:15:47","slug":"le-conseil","status":"publish","type":"page","link":"https:\/\/chartedruides.eu\/index.php\/le-conseil\/","title":{"rendered":"Le conseil"},"content":{"rendered":"\n<p class=\"has-medium-font-size\"><strong>Le groupe de travail actuel est compos\u00e9 des membres suivants :<\/strong><\/p>\n\n\n\n<p class=\"has-white-color has-text-color has-link-color has-medium-font-size wp-elements-72ad6e897a21fa4166d3a9bc0efc87e0\">&#8211; La Druidesse Alonna de l\u2019ADCS (Assembl\u00e9e du Ch\u00eane et du Sanglier)<\/p>\n\n\n\n<p class=\"has-medium-font-size\">&#8211; La Druidesse Arzhez et le Druide Sentonos du Nemeton Cantia Planti\u014dn Matus<\/p>\n\n\n\n<p class=\"has-medium-font-size\">&#8211; Le Druide Habann du CDR (Coll\u00e8ge Druidique R\u00e9nov\u00e9)<\/p>\n\n\n\n<p class=\"has-medium-font-size\">&#8211; Le Druide Morgan de la Gorsedd de Bretagne<br><br>&#8211; Les Druides Uindocaruos et Belenigenos de la CDA (Comardiia Druuidiacta Aremorica.)<br><br><br>Depuis Lugnasad 2024<\/p>\n\n\n\n<p class=\"has-medium-font-size\">&#8211; Le Druide Myrdhin, repr\u00e9sentant de l\u2019assembl\u00e9e Kad Goddeu Breizh.<\/p>\n\n\n\n<p class=\"has-medium-font-size\">&#8211; Le Druide Albubacos, repr\u00e9sentant du Collegio Druidico Nazionale.<\/p>\n\n\n\n<p class=\"has-medium-font-size\">&#8211; Le Druide Garann, repr\u00e9sentant du Coll\u00e8ge de la Tradition Druidique Occitane.<\/p>\n\n\n\n<p class=\"has-medium-font-size\">&#8211; Le Druide K-Dour Eol, repr\u00e9sentant du Oaled Drwized Kornog (O.D.K) &#8211; .<br><br>&#8211; Le Druide Lanon, repr\u00e9sentant l\u2019assembl\u00e9e du Chaudron des Druides<br><br>&#8211; Le Druide Dubis Moridunon, repr\u00e9sentant Lemovica.<br><br>&#8211; Kredenn Geltiek Hollvedel repr\u00e9sent\u00e9 par Druide Ulatocantos.<\/p>\n\n\n\n<p class=\"has-medium-font-size\"> &#8211; Cercle Druidique de Saint Jacques de Bannalec repr\u00e9sent\u00e9 par le Druide Loeiza.<br><br><br><br><br><strong><em>Veuillez noter que cette liste \u00e9volue dans le temps<\/em><\/strong><\/p>\n","protected":false},"excerpt":{"rendered":"<p>Le groupe de travail actuel est compos\u00e9 des membres suivants : &#8211; La Druidesse Alonna de l\u2019ADCS (Assembl\u00e9e du Ch\u00eane et du Sanglier) &#8211; La Druidesse Arzhez et le Druide Sentonos du Nemeton Cantia Planti\u014dn Matus &#8211; Le Druide Habann du CDR (Coll\u00e8ge Druidique R\u00e9nov\u00e9) &#8211; Le Druide Morgan de la Gorsedd de Bretagne &#8211; [&hellip;]<\/p>\n","protected":false},"author":1,"featured_media":0,"parent":0,"menu_order":0,"comment_status":"closed","ping_status":"closed","template":"","meta":{"om_disable_all_campaigns":false,"_monsterinsights_skip_tracking":false,"_monsterinsights_sitenote_active":false,"_monsterinsights_sitenote_note":"","_monsterinsights_sitenote_category":0,"footnotes":""},"class_list":["post-30","page","type-page","status-publish","czr-hentry"],"aioseo_notices":[],"_links":{"self":[{"href":"https:\/\/chartedruides.eu\/index.php\/wp-json\/wp\/v2\/pages\/30","targetHints":{"allow":["GET"]}}],"collection":[{"href":"https:\/\/chartedruides.eu\/index.php\/wp-json\/wp\/v2\/pages"}],"about":[{"href":"https:\/\/chartedruides.eu\/index.php\/wp-json\/wp\/v2\/types\/page"}],"author":[{"embeddable":true,"href":"https:\/\/chartedruides.eu\/index.php\/wp-json\/wp\/v2\/users\/1"}],"replies":[{"embeddable":true,"href":"https:\/\/chartedruides.eu\/index.php\/wp-json\/wp\/v2\/comments?post=30"}],"version-history":[{"count":23,"href":"https:\/\/chartedruides.eu\/index.php\/wp-json\/wp\/v2\/pages\/30\/revisions"}],"predecessor-version":[{"id":173,"href":"https:\/\/chartedruides.eu\/index.php\/wp-json\/wp\/v2\/pages\/30\/revisions\/173"}],"wp:attachment":[{"href":"https:\/\/chartedruides.eu\/index.php\/wp-json\/wp\/v2\/media?parent=30"}],"curies":[{"name":"wp","href":"https:\/\/api.w.org\/{rel}","templated":true}]}}