{"id":154,"date":"2024-11-23T11:36:30","date_gmt":"2024-11-23T10:36:30","guid":{"rendered":"https:\/\/chartedruides.eu\/?page_id=154"},"modified":"2026-04-06T09:13:38","modified_gmt":"2026-04-06T07:13:38","slug":"les-signataires","status":"publish","type":"page","link":"https:\/\/chartedruides.eu\/index.php\/les-signataires\/","title":{"rendered":"Les signataires"},"content":{"rendered":"\n<p><strong>Voici la liste des groupes druidiques signataires de la Charte des Druides, (<\/strong>cette liste est mise \u00e0 jour r\u00e9guli\u00e8rement)<\/p>\n\n\n\n<p>&#8211; Cantia Planti\u014dn Matus (C.P.M)<\/p>\n\n\n\n<p>&#8211; Cercle de Saint Jacques Bannalec<\/p>\n\n\n\n<p>&#8211; Coll\u00e8ge Druidique R\u00e9nov\u00e9 (C.D.R)<\/p>\n\n\n\n<p>&#8211; Collegio Druidico Nazionale (C.D.N)<\/p>\n\n\n\n<p>&#8211; Comardiia Druuidiacta Aremorica (C.D.A)<\/p>\n\n\n\n<p>&#8211; Gorsedd de Bretagne<\/p>\n\n\n\n<p>&#8211; Kad Goddeu Breizh (K.G.B)<\/p>\n\n\n\n<p>&#8211; Kredenn Geltiek Hollvedel (K.G.H)<\/p>\n\n\n\n<p>&#8211; Le Chaudron des Druides<\/p>\n\n\n\n<p>&#8211; Lemovica<\/p>\n\n\n\n<p>&#8211; Oaled Drwized Kornog (O.D.K)<\/p>\n\n\n\n<p>&#8211; Tradition Druidique d\u2019Occitane (T.D.O)<\/p>\n\n\n\n<p>&#8211; Clairi\u00e8re Ialon Garoclita<\/p>\n\n\n\n<p>&#8211; Clairi\u00e8re de l&rsquo;Ambre<br><br>&#8211; \u00c9cole Druidique d\u2019Helv\u00e9tie<\/p>\n\n\n\n<p><\/p>\n\n\n\n<p><strong>Druides Ind\u00e9pendants :<\/strong><br><br>Druide Alouette (Haute Loire)<\/p>\n\n\n\n<p class=\"has-vivid-purple-color has-text-color has-link-color wp-elements-aa800731d9d84100c6cacaa6da01787f\">Mise \u00e0 jour le 5 Avril 2026<\/p>\n\n\n\n<p><\/p>\n","protected":false},"excerpt":{"rendered":"<p>Voici la liste des groupes druidiques signataires de la Charte des Druides, (cette liste est mise \u00e0 jour r\u00e9guli\u00e8rement) &#8211; Cantia Planti\u014dn Matus (C.P.M) &#8211; Cercle de Saint Jacques Bannalec &#8211; Coll\u00e8ge Druidique R\u00e9nov\u00e9 (C.D.R) &#8211; Collegio Druidico Nazionale (C.D.N) &#8211; Comardiia Druuidiacta Aremorica (C.D.A) &#8211; Gorsedd de Bretagne &#8211; Kad Goddeu Breizh (K.G.B) &#8211; [&hellip;]<\/p>\n","protected":false},"author":1,"featured_media":0,"parent":0,"menu_order":0,"comment_status":"closed","ping_status":"closed","template":"","meta":{"om_disable_all_campaigns":false,"_monsterinsights_skip_tracking":false,"_monsterinsights_sitenote_active":false,"_monsterinsights_sitenote_note":"","_monsterinsights_sitenote_category":0,"footnotes":""},"class_list":["post-154","page","type-page","status-publish","czr-hentry"],"aioseo_notices":[],"_links":{"self":[{"href":"https:\/\/chartedruides.eu\/index.php\/wp-json\/wp\/v2\/pages\/154","targetHints":{"allow":["GET"]}}],"collection":[{"href":"https:\/\/chartedruides.eu\/index.php\/wp-json\/wp\/v2\/pages"}],"about":[{"href":"https:\/\/chartedruides.eu\/index.php\/wp-json\/wp\/v2\/types\/page"}],"author":[{"embeddable":true,"href":"https:\/\/chartedruides.eu\/index.php\/wp-json\/wp\/v2\/users\/1"}],"replies":[{"embeddable":true,"href":"https:\/\/chartedruides.eu\/index.php\/wp-json\/wp\/v2\/comments?post=154"}],"version-history":[{"count":11,"href":"https:\/\/chartedruides.eu\/index.php\/wp-json\/wp\/v2\/pages\/154\/revisions"}],"predecessor-version":[{"id":203,"href":"https:\/\/chartedruides.eu\/index.php\/wp-json\/wp\/v2\/pages\/154\/revisions\/203"}],"wp:attachment":[{"href":"https:\/\/chartedruides.eu\/index.php\/wp-json\/wp\/v2\/media?parent=154"}],"curies":[{"name":"wp","href":"https:\/\/api.w.org\/{rel}","templated":true}]}}