{"id":119,"date":"2024-06-26T10:08:26","date_gmt":"2024-06-26T08:08:26","guid":{"rendered":"https:\/\/chartedruides.eu\/?page_id=119"},"modified":"2024-06-26T10:08:39","modified_gmt":"2024-06-26T08:08:39","slug":"notre-logo","status":"publish","type":"page","link":"https:\/\/chartedruides.eu\/index.php\/notre-logo\/","title":{"rendered":"Notre Logo"},"content":{"rendered":"\n<figure class=\"wp-block-image size-full is-resized\"><img loading=\"lazy\" decoding=\"async\" width=\"512\" height=\"487\" src=\"http:\/\/chartedruides.eu\/wp-content\/uploads\/2024\/05\/carnixflavi.png\" alt=\"\" class=\"wp-image-48\" style=\"width:289px;height:auto\" srcset=\"https:\/\/chartedruides.eu\/wp-content\/uploads\/2024\/05\/carnixflavi.png 512w, https:\/\/chartedruides.eu\/wp-content\/uploads\/2024\/05\/carnixflavi-300x285.png 300w\" sizes=\"auto, (max-width: 512px) 100vw, 512px\" \/><\/figure>\n\n\n\n<p class=\"has-text-align-left\">Pour illustrer les communications au sujet de la charte des Druides le Carnyx a sembl\u00e9 bien adapt\u00e9 . <\/p>\n\n\n\n<p class=\"has-text-align-left\">Certains s&rsquo;en sont \u00e9tonn\u00e9s, y voyant une fonction guerri\u00e8re, suppos\u00e9e, de ce fait agressive. <\/p>\n\n\n\n<p class=\"has-text-align-left\">Cela n&rsquo;est pas le cas. Avec cette charte, nous cherchons \u00e0 faire connaitre une base \u00e0 l&rsquo;\u00e9cart et en dessous de laquelle toute r\u00e9f\u00e9rence au druidisme risque d&rsquo;\u00eatre abusive et trompeuse. Nous le faisons savoir, et la figure du Carnyx est l\u00e0 pour montrer la force et la vigueur de nos convictions et de notre volont\u00e9 que les mots \u00ab\u00a0druide\u00a0\u00bb et\u00a0\u00bbdruidisme\u00a0\u00bb soient synonymes de rigueur, d&rsquo;honn\u00eatet\u00e9, de loyaut\u00e9, de qualit\u00e9, de grand savoir et d&rsquo;une mystique saine et profonde. <\/p>\n\n\n\n<p class=\"has-text-align-left\">Certes, le Carnyx est un instrument utilis\u00e9 en situation de bataille, et il a \u00e9t\u00e9 tellement marquant qu&rsquo;il a servi d&rsquo;identifiant majeur des peuples celtes, l&rsquo;arch\u00e9ologie le montre abondamment. Mais, il ne peut \u00e9chapper \u00e0 personne qu&rsquo;\u00e0 une exception pr\u00e8s, toutes les repr\u00e9sentations de Carnyx et tous les Carnyx retrouv\u00e9s sont des figures de sangliers stylis\u00e9s \u00e0 la mode celtique.<br>Cela indique la figure symbolique du druide et plus encore de la divinit\u00e9 privil\u00e9gi\u00e9e des Druides, Dagodevos.<br>Cela indique donc la magie des druides, dans un contexte guerrier, mais obligatoirement dans un contexte c\u00e9r\u00e9moniel, tel que magnifiquement<br>montr\u00e9 dans un tr\u00e8s c\u00e9l\u00e8bre panneau du bassin de Gundestrup. Le Carnyx en action, est, en quelque sorte, la voix du Dieu.<\/p>\n\n\n\n<p class=\"has-text-align-left\">Par cette charte, nous esp\u00e9rons \u00eatre digne de celle-ci, et nous invitons toutes celles et tous ceux qui partagent cette d\u00e9marche \u00e0 adopter cette r\u00e9f\u00e9rence qui nous oblige.<br><br>M.D.<\/p>\n","protected":false},"excerpt":{"rendered":"<p>Pour illustrer les communications au sujet de la charte des Druides le Carnyx a sembl\u00e9 bien adapt\u00e9 . Certains s&rsquo;en sont \u00e9tonn\u00e9s, y voyant une fonction guerri\u00e8re, suppos\u00e9e, de ce fait agressive. Cela n&rsquo;est pas le cas. Avec cette charte, nous cherchons \u00e0 faire connaitre une base \u00e0 l&rsquo;\u00e9cart et en dessous de laquelle toute [&hellip;]<\/p>\n","protected":false},"author":1,"featured_media":0,"parent":0,"menu_order":0,"comment_status":"closed","ping_status":"closed","template":"","meta":{"om_disable_all_campaigns":false,"_monsterinsights_skip_tracking":false,"_monsterinsights_sitenote_active":false,"_monsterinsights_sitenote_note":"","_monsterinsights_sitenote_category":0,"footnotes":""},"class_list":["post-119","page","type-page","status-publish","czr-hentry"],"aioseo_notices":[],"_links":{"self":[{"href":"https:\/\/chartedruides.eu\/index.php\/wp-json\/wp\/v2\/pages\/119","targetHints":{"allow":["GET"]}}],"collection":[{"href":"https:\/\/chartedruides.eu\/index.php\/wp-json\/wp\/v2\/pages"}],"about":[{"href":"https:\/\/chartedruides.eu\/index.php\/wp-json\/wp\/v2\/types\/page"}],"author":[{"embeddable":true,"href":"https:\/\/chartedruides.eu\/index.php\/wp-json\/wp\/v2\/users\/1"}],"replies":[{"embeddable":true,"href":"https:\/\/chartedruides.eu\/index.php\/wp-json\/wp\/v2\/comments?post=119"}],"version-history":[{"count":2,"href":"https:\/\/chartedruides.eu\/index.php\/wp-json\/wp\/v2\/pages\/119\/revisions"}],"predecessor-version":[{"id":121,"href":"https:\/\/chartedruides.eu\/index.php\/wp-json\/wp\/v2\/pages\/119\/revisions\/121"}],"wp:attachment":[{"href":"https:\/\/chartedruides.eu\/index.php\/wp-json\/wp\/v2\/media?parent=119"}],"curies":[{"name":"wp","href":"https:\/\/api.w.org\/{rel}","templated":true}]}}